{"id":316,"date":"2023-08-13T21:00:59","date_gmt":"2023-08-13T21:00:59","guid":{"rendered":"https:\/\/erikapharand.ca\/contact\/"},"modified":"2025-11-27T16:28:07","modified_gmt":"2025-11-27T16:28:07","slug":"contact","status":"publish","type":"page","link":"https:\/\/erikapharand.ca\/en\/contact\/","title":{"rendered":"Contact"},"content":{"rendered":"<p>[et_pb_section fb_built=&#8221;1&#8243; _builder_version=&#8221;4.21.2&#8243; _module_preset=&#8221;default&#8221; use_background_color_gradient=&#8221;on&#8221; background_color_gradient_stops=&#8221;#eacd90 0%|#ffffff 100%&#8221; custom_padding=&#8221;0px||5px|||&#8221; da_disable_devices=&#8221;off|off|off&#8221; global_colors_info=&#8221;{}&#8221; theme_builder_area=&#8221;post_content&#8221; da_is_popup=&#8221;off&#8221; da_exit_intent=&#8221;off&#8221; da_has_close=&#8221;on&#8221; da_alt_close=&#8221;off&#8221; da_dark_close=&#8221;off&#8221; da_not_modal=&#8221;on&#8221; da_is_singular=&#8221;off&#8221; da_with_loader=&#8221;off&#8221; da_has_shadow=&#8221;on&#8221;][et_pb_row _builder_version=&#8221;4.21.2&#8243; _module_preset=&#8221;default&#8221; min_height=&#8221;118px&#8221; global_colors_info=&#8221;{}&#8221; theme_builder_area=&#8221;post_content&#8221;][et_pb_column type=&#8221;4_4&#8243; _builder_version=&#8221;4.21.2&#8243; _module_preset=&#8221;default&#8221; global_colors_info=&#8221;{}&#8221; theme_builder_area=&#8221;post_content&#8221;][et_pb_text _builder_version=&#8221;4.21.2&#8243; _module_preset=&#8221;default&#8221; global_colors_info=&#8221;{}&#8221; theme_builder_area=&#8221;post_content&#8221;]<\/p>\n<div>\n<p data-olk-copy-source=\"MessageBody\">I am currently on maternity leave from December 1, 2025, to December 1, 2026, inclusive.<br \/>To find a registered dietitian-nutritionist, please visit the <a href=\"https:\/\/odnq.org\/trouver-une-dietetiste-nutritionniste\/\" target=\"_blank\" rel=\"noopener\" title=\"Ordre des di\u00e9t\u00e9tistes-nutritionnistes du Qu\u00e9bec (ODNQ) website.\">Ordre des di\u00e9t\u00e9tistes-nutritionnistes du Qu\u00e9bec (ODNQ) website.<\/a><\/p>\n<p>Thank you for your understanding,<br \/>Erika<\/p>\n<\/div>\n<p>[\/et_pb_text][\/et_pb_column][\/et_pb_row][\/et_pb_section][et_pb_section fb_built=&#8221;1&#8243; _builder_version=&#8221;4.21.2&#8243; _module_preset=&#8221;default&#8221; background_enable_color=&#8221;off&#8221; use_background_color_gradient=&#8221;on&#8221; background_color_gradient_stops=&#8221;rgba(144,165,158,0.2) 0%|#ffffff 100%&#8221; background_image=&#8221;https:\/\/erikapharand.ca\/wp-content\/uploads\/2023\/08\/Apple.png&#8221; background_size=&#8221;initial&#8221; background_position=&#8221;top_right&#8221; background_horizontal_offset=&#8221;-69%&#8221; background_vertical_offset=&#8221;-69%&#8221; background_blend=&#8221;lighten&#8221; da_disable_devices=&#8221;off|off|off&#8221; global_colors_info=&#8221;{}&#8221; da_is_popup=&#8221;off&#8221; da_exit_intent=&#8221;off&#8221; da_has_close=&#8221;on&#8221; da_alt_close=&#8221;off&#8221; da_dark_close=&#8221;off&#8221; da_not_modal=&#8221;on&#8221; da_is_singular=&#8221;off&#8221; da_with_loader=&#8221;off&#8221; da_has_shadow=&#8221;on&#8221;][et_pb_row column_structure=&#8221;2_3,1_3&#8243; _builder_version=&#8221;4.21.2&#8243; _module_preset=&#8221;default&#8221; global_colors_info=&#8221;{}&#8221;][et_pb_column type=&#8221;2_3&#8243; _builder_version=&#8221;4.21.2&#8243; _module_preset=&#8221;default&#8221; global_colors_info=&#8221;{}&#8221;][et_pb_text _builder_version=&#8221;4.21.2&#8243; _module_preset=&#8221;default&#8221; header_text_color=&#8221;#AFB59D&#8221; header_2_text_color=&#8221;#AFB59D&#8221; animation_style=&#8221;fade&#8221; global_colors_info=&#8221;{}&#8221;]<\/p>\n<h2 style=\"text-align: left;\">Get in touch with me!<\/h2>\n<p>[\/et_pb_text][et_pb_text _builder_version=&#8221;4.21.2&#8243; _module_preset=&#8221;default&#8221; header_4_text_color=&#8221;#848F73&#8243; custom_margin=&#8221;50px|50px|||false|false&#8221; custom_margin_tablet=&#8221;|0px|||false|false&#8221; custom_margin_phone=&#8221;|0px|||false|false&#8221; custom_margin_last_edited=&#8221;on|phone&#8221; animation_direction=&#8221;left&#8221; global_colors_info=&#8221;{}&#8221;]<\/p>\n<h5 style=\"font-weight: 400;\"><strong>Need more information?<\/strong><\/h5>\n<p style=\"font-weight: 400;\">\n<p style=\"font-weight: 400;\">Leave your contact information below and I&#8217;ll get back to you to answer your questions.<\/p>\n<p style=\"font-weight: 400;\">If you would like to make an appointment with me, please enter your details below and I will contact you to arrange a meeting.<\/p>\n<p style=\"font-weight: 400;\">I&#8217;ll do my best to get back to you within 24 to 48 hours.<\/p>\n<p>[\/et_pb_text][\/et_pb_column][et_pb_column type=&#8221;1_3&#8243; _builder_version=&#8221;4.21.2&#8243; _module_preset=&#8221;default&#8221; global_colors_info=&#8221;{}&#8221;][et_pb_blurb title=&#8221;Email&#8221; use_icon=&#8221;on&#8221; font_icon=&#8221;&#xe010;||divi||400&#8243; icon_color=&#8221;#EACD90&#8243; image_icon_background_color=&#8221;RGBA(255,255,255,0)&#8221; icon_placement=&#8221;left&#8221; _builder_version=&#8221;4.21.2&#8243; _module_preset=&#8221;default&#8221; header_text_color=&#8221;#BF8633&#8243; body_font=&#8221;|700|||||||&#8221; body_text_color=&#8221;#BF8633&#8243; global_colors_info=&#8221;{}&#8221;]<\/p>\n<p><span>info@erikapharand.ca<\/span><\/p>\n<p>[\/et_pb_blurb][et_pb_blurb title=&#8221;Phone&#8221; use_icon=&#8221;on&#8221; font_icon=&#8221;&#xe00b;||divi||400&#8243; icon_placement=&#8221;left&#8221; _builder_version=&#8221;4.21.2&#8243; _module_preset=&#8221;default&#8221; header_text_color=&#8221;#BF8633&#8243; body_font=&#8221;|700|||||||&#8221; body_text_color=&#8221;#BF8633&#8243; global_colors_info=&#8221;{}&#8221;]<\/p>\n<p><span>438-821-2355<\/span><\/p>\n<p>[\/et_pb_blurb][et_pb_blurb title=&#8221;Location&#8221; use_icon=&#8221;on&#8221; font_icon=&#8221;&#xe01d;||divi||400&#8243; icon_placement=&#8221;left&#8221; _builder_version=&#8221;4.21.2&#8243; _module_preset=&#8221;default&#8221; header_text_color=&#8221;#BF8633&#8243; body_font=&#8221;|700|||||||&#8221; body_text_color=&#8221;#BF8633&#8243; global_colors_info=&#8221;{}&#8221;]<\/p>\n<p>Gatineau<\/p>\n<p>[\/et_pb_blurb][et_pb_blurb title=&#8221;Linkedin&#8221; url=&#8221;https:\/\/www.linkedin.com\/in\/erika-pharand-a2042b1a4\/&#8221; use_icon=&#8221;on&#8221; font_icon=&#8221;&#xe0b4;||divi||400&#8243; icon_placement=&#8221;left&#8221; _builder_version=&#8221;4.21.2&#8243; _module_preset=&#8221;default&#8221; header_text_color=&#8221;#BF8633&#8243; link_option_url=&#8221;https:\/\/www.linkedin.com\/in\/erika-pharand-a2042b1a4\/&#8221; global_colors_info=&#8221;{}&#8221;][\/et_pb_blurb][et_pb_blurb title=&#8221;Instagram&#8221; url=&#8221;https:\/\/www.instagram.com\/erikapharand.fit\/&#8221; use_icon=&#8221;on&#8221; font_icon=&#8221;&#xe09a;||divi||400&#8243; icon_placement=&#8221;left&#8221; _builder_version=&#8221;4.21.2&#8243; _module_preset=&#8221;default&#8221; header_text_color=&#8221;#BF8633&#8243; link_option_url=&#8221;https:\/\/www.instagram.com\/erikapharand.fit\/&#8221; global_colors_info=&#8221;{}&#8221;][\/et_pb_blurb][\/et_pb_column][\/et_pb_row][et_pb_row _builder_version=&#8221;4.21.2&#8243; _module_preset=&#8221;default&#8221; global_colors_info=&#8221;{}&#8221;][et_pb_column type=&#8221;4_4&#8243; _builder_version=&#8221;4.21.2&#8243; _module_preset=&#8221;default&#8221; global_colors_info=&#8221;{}&#8221;][et_pb_contact_form email=&#8221;info@erikapharand.ca&#8221; success_message=&#8221;Thank you for your email!&#8221; submit_button_text=&#8221;Send&#8221; _builder_version=&#8221;4.21.2&#8243; _module_preset=&#8221;default&#8221; _unique_id=&#8221;7c8bce22-bd0d-4701-9580-52826eda6c0e&#8221; form_field_background_color=&#8221;#FFFFFF&#8221; form_field_text_color=&#8221;#848F73&#8243; form_field_focus_background_color=&#8221;#848F73&#8243; form_field_focus_text_color=&#8221;#848F73&#8243; custom_button=&#8221;on&#8221; button_bg_use_color_gradient=&#8221;on&#8221; button_bg_color_gradient_stops=&#8221;#eacd90 0%|#bf8633 100%&#8221; button_border_radius=&#8221;100px&#8221; button_icon=&#8221;&#x35;||divi||400&#8243; border_width_all=&#8221;1px&#8221; border_color_all=&#8221;RGBA(234,205,144,0.5)&#8221; global_colors_info=&#8221;{}&#8221;][et_pb_contact_field field_id=&#8221;Nom&#8221; field_title=&#8221;Your Name&#8221; _builder_version=&#8221;4.21.2&#8243; global_colors_info=&#8221;{}&#8221; button_text_size__hover_enabled=&#8221;off&#8221; button_one_text_size__hover_enabled=&#8221;off&#8221; button_two_text_size__hover_enabled=&#8221;off&#8221; button_text_color__hover_enabled=&#8221;off&#8221; button_one_text_color__hover_enabled=&#8221;off&#8221; button_two_text_color__hover_enabled=&#8221;off&#8221; button_border_width__hover_enabled=&#8221;off&#8221; button_one_border_width__hover_enabled=&#8221;off&#8221; button_two_border_width__hover_enabled=&#8221;off&#8221; button_border_color__hover_enabled=&#8221;off&#8221; button_one_border_color__hover_enabled=&#8221;off&#8221; button_two_border_color__hover_enabled=&#8221;off&#8221; button_border_radius__hover_enabled=&#8221;off&#8221; button_one_border_radius__hover_enabled=&#8221;off&#8221; button_two_border_radius__hover_enabled=&#8221;off&#8221; button_letter_spacing__hover_enabled=&#8221;off&#8221; button_one_letter_spacing__hover_enabled=&#8221;off&#8221; button_two_letter_spacing__hover_enabled=&#8221;off&#8221; button_bg_color__hover_enabled=&#8221;off&#8221; button_one_bg_color__hover_enabled=&#8221;off&#8221; button_two_bg_color__hover_enabled=&#8221;off&#8221;][\/et_pb_contact_field][et_pb_contact_field field_id=&#8221;Email&#8221; field_title=&#8221;Your e-mail address&#8221; field_type=&#8221;email&#8221; _builder_version=&#8221;4.21.2&#8243; global_colors_info=&#8221;{}&#8221; button_text_size__hover_enabled=&#8221;off&#8221; button_one_text_size__hover_enabled=&#8221;off&#8221; button_two_text_size__hover_enabled=&#8221;off&#8221; button_text_color__hover_enabled=&#8221;off&#8221; button_one_text_color__hover_enabled=&#8221;off&#8221; button_two_text_color__hover_enabled=&#8221;off&#8221; button_border_width__hover_enabled=&#8221;off&#8221; button_one_border_width__hover_enabled=&#8221;off&#8221; button_two_border_width__hover_enabled=&#8221;off&#8221; button_border_color__hover_enabled=&#8221;off&#8221; button_one_border_color__hover_enabled=&#8221;off&#8221; button_two_border_color__hover_enabled=&#8221;off&#8221; button_border_radius__hover_enabled=&#8221;off&#8221; button_one_border_radius__hover_enabled=&#8221;off&#8221; button_two_border_radius__hover_enabled=&#8221;off&#8221; button_letter_spacing__hover_enabled=&#8221;off&#8221; button_one_letter_spacing__hover_enabled=&#8221;off&#8221; button_two_letter_spacing__hover_enabled=&#8221;off&#8221; button_bg_color__hover_enabled=&#8221;off&#8221; button_one_bg_color__hover_enabled=&#8221;off&#8221; button_two_bg_color__hover_enabled=&#8221;off&#8221;][\/et_pb_contact_field][et_pb_contact_field field_id=&#8221;Message&#8221; field_title=&#8221;Your Message&#8221; field_type=&#8221;text&#8221; fullwidth_field=&#8221;on&#8221; _builder_version=&#8221;4.16&#8243; global_colors_info=&#8221;{}&#8221; button_text_size__hover_enabled=&#8221;off&#8221; button_one_text_size__hover_enabled=&#8221;off&#8221; button_two_text_size__hover_enabled=&#8221;off&#8221; button_text_color__hover_enabled=&#8221;off&#8221; button_one_text_color__hover_enabled=&#8221;off&#8221; button_two_text_color__hover_enabled=&#8221;off&#8221; button_border_width__hover_enabled=&#8221;off&#8221; button_one_border_width__hover_enabled=&#8221;off&#8221; button_two_border_width__hover_enabled=&#8221;off&#8221; button_border_color__hover_enabled=&#8221;off&#8221; button_one_border_color__hover_enabled=&#8221;off&#8221; button_two_border_color__hover_enabled=&#8221;off&#8221; button_border_radius__hover_enabled=&#8221;off&#8221; button_one_border_radius__hover_enabled=&#8221;off&#8221; button_two_border_radius__hover_enabled=&#8221;off&#8221; button_letter_spacing__hover_enabled=&#8221;off&#8221; button_one_letter_spacing__hover_enabled=&#8221;off&#8221; button_two_letter_spacing__hover_enabled=&#8221;off&#8221; button_bg_color__hover_enabled=&#8221;off&#8221; button_one_bg_color__hover_enabled=&#8221;off&#8221; button_two_bg_color__hover_enabled=&#8221;off&#8221;][\/et_pb_contact_field][\/et_pb_contact_form][\/et_pb_column][\/et_pb_row][\/et_pb_section]<\/p>\n","protected":false},"excerpt":{"rendered":"<p>I am currently on maternity leave from December 1, 2025, to December 1, 2026, inclusive.To find a registered dietitian-nutritionist, please visit the Ordre des di\u00e9t\u00e9tistes-nutritionnistes du Qu\u00e9bec (ODNQ) website. Thank you for your understanding,Erika Get in touch with me!Need more information? Leave your contact information below and I&#8217;ll get back to you to answer your [&hellip;]<\/p>\n","protected":false},"author":2,"featured_media":0,"parent":0,"menu_order":0,"comment_status":"closed","ping_status":"closed","template":"","meta":{"_et_pb_use_builder":"on","_et_pb_old_content":"","_et_gb_content_width":"","footnotes":""},"class_list":["post-316","page","type-page","status-publish","hentry"],"yoast_head":"<!-- This site is optimized with the Yoast SEO plugin v27.4 - https:\/\/yoast.com\/product\/yoast-seo-wordpress\/ -->\n<title>Contact - Erika Pharand, Dt.P. Nutritionniste-Di\u00e9t\u00e9tiste<\/title>\n<meta name=\"robots\" content=\"index, follow, max-snippet:-1, max-image-preview:large, max-video-preview:-1\" \/>\n<link rel=\"canonical\" href=\"https:\/\/erikapharand.ca\/en\/contact\/\" \/>\n<meta property=\"og:locale\" content=\"en_US\" \/>\n<meta property=\"og:type\" content=\"article\" \/>\n<meta property=\"og:title\" content=\"Contact - Erika Pharand, Dt.P. Nutritionniste-Di\u00e9t\u00e9tiste\" \/>\n<meta property=\"og:description\" content=\"I am currently on maternity leave from December 1, 2025, to December 1, 2026, inclusive.To find a registered dietitian-nutritionist, please visit the Ordre des di\u00e9t\u00e9tistes-nutritionnistes du Qu\u00e9bec (ODNQ) website. Thank you for your understanding,Erika Get in touch with me!Need more information? Leave your contact information below and I&#039;ll get back to you to answer your [&hellip;]\" \/>\n<meta property=\"og:url\" content=\"https:\/\/erikapharand.ca\/en\/contact\/\" \/>\n<meta property=\"og:site_name\" content=\"Erika Pharand, Dt.P. Nutritionniste-Di\u00e9t\u00e9tiste\" \/>\n<meta property=\"article:modified_time\" content=\"2025-11-27T16:28:07+00:00\" \/>\n<meta name=\"twitter:card\" content=\"summary_large_image\" \/>\n<meta name=\"twitter:label1\" content=\"Est. reading time\" \/>\n\t<meta name=\"twitter:data1\" content=\"6 minutes\" \/>\n<script type=\"application\/ld+json\" class=\"yoast-schema-graph\">{\"@context\":\"https:\\\/\\\/schema.org\",\"@graph\":[{\"@type\":\"WebPage\",\"@id\":\"https:\\\/\\\/erikapharand.ca\\\/en\\\/contact\\\/\",\"url\":\"https:\\\/\\\/erikapharand.ca\\\/en\\\/contact\\\/\",\"name\":\"Contact - Erika Pharand, Dt.P. Nutritionniste-Di\u00e9t\u00e9tiste\",\"isPartOf\":{\"@id\":\"https:\\\/\\\/erikapharand.ca\\\/en\\\/#website\"},\"datePublished\":\"2023-08-13T21:00:59+00:00\",\"dateModified\":\"2025-11-27T16:28:07+00:00\",\"breadcrumb\":{\"@id\":\"https:\\\/\\\/erikapharand.ca\\\/en\\\/contact\\\/#breadcrumb\"},\"inLanguage\":\"en-US\",\"potentialAction\":[{\"@type\":\"ReadAction\",\"target\":[\"https:\\\/\\\/erikapharand.ca\\\/en\\\/contact\\\/\"]}]},{\"@type\":\"BreadcrumbList\",\"@id\":\"https:\\\/\\\/erikapharand.ca\\\/en\\\/contact\\\/#breadcrumb\",\"itemListElement\":[{\"@type\":\"ListItem\",\"position\":1,\"name\":\"Accueil\",\"item\":\"https:\\\/\\\/erikapharand.ca\\\/en\\\/\"},{\"@type\":\"ListItem\",\"position\":2,\"name\":\"Contact\"}]},{\"@type\":\"WebSite\",\"@id\":\"https:\\\/\\\/erikapharand.ca\\\/en\\\/#website\",\"url\":\"https:\\\/\\\/erikapharand.ca\\\/en\\\/\",\"name\":\"Erika Pharand, Dt.P. Nutritionniste-Di\u00e9t\u00e9tiste\",\"description\":\"Services professionnels en nutrition \",\"potentialAction\":[{\"@type\":\"SearchAction\",\"target\":{\"@type\":\"EntryPoint\",\"urlTemplate\":\"https:\\\/\\\/erikapharand.ca\\\/en\\\/?s={search_term_string}\"},\"query-input\":{\"@type\":\"PropertyValueSpecification\",\"valueRequired\":true,\"valueName\":\"search_term_string\"}}],\"inLanguage\":\"en-US\"}]}<\/script>\n<!-- \/ Yoast SEO plugin. -->","yoast_head_json":{"title":"Contact - Erika Pharand, Dt.P. Nutritionniste-Di\u00e9t\u00e9tiste","robots":{"index":"index","follow":"follow","max-snippet":"max-snippet:-1","max-image-preview":"max-image-preview:large","max-video-preview":"max-video-preview:-1"},"canonical":"https:\/\/erikapharand.ca\/en\/contact\/","og_locale":"en_US","og_type":"article","og_title":"Contact - Erika Pharand, Dt.P. Nutritionniste-Di\u00e9t\u00e9tiste","og_description":"I am currently on maternity leave from December 1, 2025, to December 1, 2026, inclusive.To find a registered dietitian-nutritionist, please visit the Ordre des di\u00e9t\u00e9tistes-nutritionnistes du Qu\u00e9bec (ODNQ) website. Thank you for your understanding,Erika Get in touch with me!Need more information? Leave your contact information below and I'll get back to you to answer your [&hellip;]","og_url":"https:\/\/erikapharand.ca\/en\/contact\/","og_site_name":"Erika Pharand, Dt.P. Nutritionniste-Di\u00e9t\u00e9tiste","article_modified_time":"2025-11-27T16:28:07+00:00","twitter_card":"summary_large_image","twitter_misc":{"Est. reading time":"6 minutes"},"schema":{"@context":"https:\/\/schema.org","@graph":[{"@type":"WebPage","@id":"https:\/\/erikapharand.ca\/en\/contact\/","url":"https:\/\/erikapharand.ca\/en\/contact\/","name":"Contact - Erika Pharand, Dt.P. Nutritionniste-Di\u00e9t\u00e9tiste","isPartOf":{"@id":"https:\/\/erikapharand.ca\/en\/#website"},"datePublished":"2023-08-13T21:00:59+00:00","dateModified":"2025-11-27T16:28:07+00:00","breadcrumb":{"@id":"https:\/\/erikapharand.ca\/en\/contact\/#breadcrumb"},"inLanguage":"en-US","potentialAction":[{"@type":"ReadAction","target":["https:\/\/erikapharand.ca\/en\/contact\/"]}]},{"@type":"BreadcrumbList","@id":"https:\/\/erikapharand.ca\/en\/contact\/#breadcrumb","itemListElement":[{"@type":"ListItem","position":1,"name":"Accueil","item":"https:\/\/erikapharand.ca\/en\/"},{"@type":"ListItem","position":2,"name":"Contact"}]},{"@type":"WebSite","@id":"https:\/\/erikapharand.ca\/en\/#website","url":"https:\/\/erikapharand.ca\/en\/","name":"Erika Pharand, Dt.P. Nutritionniste-Di\u00e9t\u00e9tiste","description":"Services professionnels en nutrition ","potentialAction":[{"@type":"SearchAction","target":{"@type":"EntryPoint","urlTemplate":"https:\/\/erikapharand.ca\/en\/?s={search_term_string}"},"query-input":{"@type":"PropertyValueSpecification","valueRequired":true,"valueName":"search_term_string"}}],"inLanguage":"en-US"}]}},"jetpack_sharing_enabled":true,"_links":{"self":[{"href":"https:\/\/erikapharand.ca\/en\/wp-json\/wp\/v2\/pages\/316","targetHints":{"allow":["GET"]}}],"collection":[{"href":"https:\/\/erikapharand.ca\/en\/wp-json\/wp\/v2\/pages"}],"about":[{"href":"https:\/\/erikapharand.ca\/en\/wp-json\/wp\/v2\/types\/page"}],"author":[{"embeddable":true,"href":"https:\/\/erikapharand.ca\/en\/wp-json\/wp\/v2\/users\/2"}],"replies":[{"embeddable":true,"href":"https:\/\/erikapharand.ca\/en\/wp-json\/wp\/v2\/comments?post=316"}],"version-history":[{"count":8,"href":"https:\/\/erikapharand.ca\/en\/wp-json\/wp\/v2\/pages\/316\/revisions"}],"predecessor-version":[{"id":1492,"href":"https:\/\/erikapharand.ca\/en\/wp-json\/wp\/v2\/pages\/316\/revisions\/1492"}],"wp:attachment":[{"href":"https:\/\/erikapharand.ca\/en\/wp-json\/wp\/v2\/media?parent=316"}],"curies":[{"name":"wp","href":"https:\/\/api.w.org\/{rel}","templated":true}]}}