{"id":310,"date":"2023-08-13T19:03:27","date_gmt":"2023-08-13T19:03:27","guid":{"rendered":"https:\/\/erikapharand.ca\/services\/"},"modified":"2025-11-27T16:28:57","modified_gmt":"2025-11-27T16:28:57","slug":"services","status":"publish","type":"page","link":"https:\/\/erikapharand.ca\/en\/services\/","title":{"rendered":"Services"},"content":{"rendered":"<p>[et_pb_section fb_built=&#8221;1&#8243; _builder_version=&#8221;4.21.2&#8243; _module_preset=&#8221;default&#8221; use_background_color_gradient=&#8221;on&#8221; background_color_gradient_stops=&#8221;#eacd90 0%|#ffffff 100%&#8221; custom_padding=&#8221;0px||5px|||&#8221; da_disable_devices=&#8221;off|off|off&#8221; global_colors_info=&#8221;{}&#8221; theme_builder_area=&#8221;post_content&#8221; da_is_popup=&#8221;off&#8221; da_exit_intent=&#8221;off&#8221; da_has_close=&#8221;on&#8221; da_alt_close=&#8221;off&#8221; da_dark_close=&#8221;off&#8221; da_not_modal=&#8221;on&#8221; da_is_singular=&#8221;off&#8221; da_with_loader=&#8221;off&#8221; da_has_shadow=&#8221;on&#8221;][et_pb_row _builder_version=&#8221;4.21.2&#8243; _module_preset=&#8221;default&#8221; min_height=&#8221;118px&#8221; global_colors_info=&#8221;{}&#8221; theme_builder_area=&#8221;post_content&#8221;][et_pb_column type=&#8221;4_4&#8243; _builder_version=&#8221;4.21.2&#8243; _module_preset=&#8221;default&#8221; global_colors_info=&#8221;{}&#8221; theme_builder_area=&#8221;post_content&#8221;][et_pb_text _builder_version=&#8221;4.21.2&#8243; _module_preset=&#8221;default&#8221; global_colors_info=&#8221;{}&#8221; theme_builder_area=&#8221;post_content&#8221;]<\/p>\n<div>\n<p data-olk-copy-source=\"MessageBody\">I am currently on maternity leave from December 1, 2025, to December 1, 2026, inclusive.<br \/>To find a registered dietitian-nutritionist, please visit the <a href=\"https:\/\/odnq.org\/trouver-une-dietetiste-nutritionniste\/\" target=\"_blank\" rel=\"noopener\" title=\"Ordre des di\u00e9t\u00e9tistes-nutritionnistes du Qu\u00e9bec (ODNQ) website.\">Ordre des di\u00e9t\u00e9tistes-nutritionnistes du Qu\u00e9bec (ODNQ) website.<\/a><\/p>\n<p>Thank you for your understanding,<br \/>Erika<\/p>\n<\/div>\n<p>[\/et_pb_text][\/et_pb_column][\/et_pb_row][\/et_pb_section][et_pb_section fb_built=&#8221;1&#8243; _builder_version=&#8221;4.21.2&#8243; _module_preset=&#8221;default&#8221; background_enable_image=&#8221;off&#8221; da_disable_devices=&#8221;off|off|off&#8221; global_colors_info=&#8221;{}&#8221; da_is_popup=&#8221;off&#8221; da_exit_intent=&#8221;off&#8221; da_has_close=&#8221;on&#8221; da_alt_close=&#8221;off&#8221; da_dark_close=&#8221;off&#8221; da_not_modal=&#8221;on&#8221; da_is_singular=&#8221;off&#8221; da_with_loader=&#8221;off&#8221; da_has_shadow=&#8221;on&#8221;][et_pb_row _builder_version=&#8221;4.21.2&#8243; _module_preset=&#8221;default&#8221; global_colors_info=&#8221;{}&#8221;][et_pb_column type=&#8221;4_4&#8243; _builder_version=&#8221;4.21.2&#8243; _module_preset=&#8221;default&#8221; global_colors_info=&#8221;{}&#8221;][et_pb_text _builder_version=&#8221;4.21.2&#8243; _module_preset=&#8221;default&#8221; animation_style=&#8221;fade&#8221; global_colors_info=&#8221;{}&#8221;]<\/p>\n<h1 style=\"text-align: center;\">Services<\/h1>\n<p>[\/et_pb_text][et_pb_text _builder_version=&#8221;4.21.2&#8243; _module_preset=&#8221;default&#8221; animation_style=&#8221;fade&#8221; global_colors_info=&#8221;{}&#8221;]<\/p>\n<p style=\"font-weight: 400; text-align: center;\">EP Nutrition offers clinical nutrition services for individual clients. All services are offered in French and English, by videoconference, telephone or in person in Gatineau. Please do not hesitate to contact me for more information. Nutritionist-Dietitian services are not taxable.<\/p>\n<p>[\/et_pb_text][\/et_pb_column][\/et_pb_row][\/et_pb_section][et_pb_section fb_built=&#8221;1&#8243; _builder_version=&#8221;4.21.2&#8243; _module_preset=&#8221;default&#8221; custom_padding=&#8221;0px||0px||false|false&#8221; top_divider_style=&#8221;wave&#8221; top_divider_color=&#8221;RGBA(255,255,255,0)&#8221; da_disable_devices=&#8221;off|off|off&#8221; global_colors_info=&#8221;{}&#8221; da_is_popup=&#8221;off&#8221; da_exit_intent=&#8221;off&#8221; da_has_close=&#8221;on&#8221; da_alt_close=&#8221;off&#8221; da_dark_close=&#8221;off&#8221; da_not_modal=&#8221;on&#8221; da_is_singular=&#8221;off&#8221; da_with_loader=&#8221;off&#8221; da_has_shadow=&#8221;on&#8221;][et_pb_row column_structure=&#8221;1_2,1_2&#8243; use_custom_gutter=&#8221;on&#8221; gutter_width=&#8221;1&#8243; _builder_version=&#8221;4.21.2&#8243; _module_preset=&#8221;default&#8221; width=&#8221;100%&#8221; max_width=&#8221;2560px&#8221; custom_margin=&#8221;0px||0px||false|false&#8221; custom_padding=&#8221;0px||0px||false|false&#8221; global_colors_info=&#8221;{}&#8221;][et_pb_column type=&#8221;1_2&#8243; _builder_version=&#8221;4.21.2&#8243; _module_preset=&#8221;default&#8221; global_colors_info=&#8221;{}&#8221;][et_pb_text _builder_version=&#8221;4.21.2&#8243; _module_preset=&#8221;default&#8221; background_color=&#8221;rgba(175,181,157,0.1)&#8221; custom_padding=&#8221;50px|50px|50px|50px|false|false&#8221; animation_style=&#8221;slide&#8221; animation_direction=&#8221;right&#8221; global_colors_info=&#8221;{}&#8221;]<\/p>\n<h3 style=\"font-weight: 400;\"><span style=\"color: #848f73;\"><strong>Consultation <\/strong><\/span><\/h3>\n<h4 style=\"font-weight: 400;\"><span style=\"color: #afb59d;\">(nutritional assessment), first meeting<\/span><\/h4>\n<h6 style=\"font-weight: 400;\"><\/h6>\n<h6 style=\"font-weight: 400;\"><span style=\"color: #848f73;\"><strong>60-minute session <span style=\"color: #afb59d;\">| Cost: $130<\/span><\/strong><\/span><\/h6>\n<p>&nbsp;<\/p>\n<p>The goal of this meeting is to carry out a complete nutritional assessment and to get to know you better. The course of the consultation may vary according to your needs, and will include:<\/p>\n<p>&nbsp;<\/p>\n<ul>\n<li style=\"list-style-type: none;\">\n<ul>\n<li>An analysis of your current and past health and eating habits.<\/li>\n<li>Setting objectives together to reach your overall goal, and setting up an action plan for what happens next.<\/li>\n<li>Before the consultation, you will receive a questionnaire to fill in.<\/li>\n<\/ul>\n<\/li>\n<\/ul>\n<p>[\/et_pb_text][et_pb_image src=&#8221;https:\/\/erikapharand.ca\/wp-content\/uploads\/2023\/08\/crop-hands-writing-near-healthy-food-scaled.jpg&#8221; title_text=&#8221;crop-hands-writing-near-healthy-food&#8221; _builder_version=&#8221;4.21.2&#8243; _module_preset=&#8221;default&#8221; global_colors_info=&#8221;{}&#8221;][\/et_pb_image][et_pb_text _builder_version=&#8221;4.21.2&#8243; _module_preset=&#8221;default&#8221; background_color=&#8221;rgba(175,181,157,0.1)&#8221; custom_padding=&#8221;50px|50px|50px|50px|false|false&#8221; animation_style=&#8221;slide&#8221; animation_direction=&#8221;right&#8221; global_colors_info=&#8221;{}&#8221;]<\/p>\n<h3 style=\"font-weight: 400;\"><strong>Nutritional follow-up<\/strong><\/h3>\n<p><strong><\/strong><\/p>\n<p>Three options are available to suit your needs:<\/p>\n<h4 style=\"font-weight: 400;\"><span style=\"color: #afb59d;\">Quick follow-up<\/span><\/h4>\n<h6 style=\"font-weight: 400;\"><strong>30-minute session <span style=\"color: #afb59d;\">| Cost: $60<\/span><\/strong><\/h6>\n<p><strong><\/strong><\/p>\n<p><strong><\/strong><\/p>\n<h4 style=\"font-weight: 400;\"><\/h4>\n<h4 style=\"font-weight: 400;\"><span style=\"color: #afb59d;\">Regular follow-up<\/span><\/h4>\n<h6 style=\"font-weight: 400;\"><strong>45-minute session <span style=\"color: #afb59d;\">| Cost: $85<\/span><\/strong><\/h6>\n<p><strong><\/strong><\/p>\n<p><strong><\/strong><\/p>\n<h4 style=\"font-weight: 400;\"><\/h4>\n<h4 style=\"font-weight: 400;\"><span style=\"color: #afb59d;\">Comprehensive follow-up<\/span><\/h4>\n<h6 style=\"font-weight: 400;\"><strong>60-minute session <span style=\"color: #afb59d;\">| Cost: $100<\/span><\/strong><\/h6>\n<p><strong><\/strong><\/p>\n<p>&nbsp;<\/p>\n<ul>\n<li>Follow-ups are essential to ensure the success of your approach, monitor the changes you&#8217;ve made, ensure progress, and adapt your nutritional plan as you progress, while maintaining your motivation.<\/li>\n<li>Tools will be provided to optimize your results.<\/li>\n<li>Quick follow-ups are ideal for customers who prefer a rapid response with a shorter timeframe.<\/li>\n<\/ul>\n<p>[\/et_pb_text][\/et_pb_column][et_pb_column type=&#8221;1_2&#8243; _builder_version=&#8221;4.21.2&#8243; _module_preset=&#8221;default&#8221; global_colors_info=&#8221;{}&#8221;][et_pb_image src=&#8221;https:\/\/erikapharand.ca\/wp-content\/uploads\/2023\/08\/top-view-blank-menu-with-spinach-carrots-scaled.jpg&#8221; title_text=&#8221;top-view-blank-menu-with-spinach-carrots&#8221; _builder_version=&#8221;4.21.2&#8243; _module_preset=&#8221;default&#8221; global_colors_info=&#8221;{}&#8221;][\/et_pb_image][et_pb_text _builder_version=&#8221;4.21.2&#8243; _module_preset=&#8221;default&#8221; background_color=&#8221;rgba(175,181,157,0.2)&#8221; custom_padding=&#8221;50px|50px|50px|50px|false|false&#8221; animation_style=&#8221;slide&#8221; animation_direction=&#8221;left&#8221; global_colors_info=&#8221;{}&#8221;]<\/p>\n<h3 style=\"font-weight: 400;\"><strong>Meal plan<\/strong><\/h3>\n<h4 style=\"font-weight: 400;\"><span style=\"color: #afb59d;\">(implementation and delivery of meal plan)<\/span><\/h4>\n<h6 style=\"font-weight: 400;\"><\/h6>\n<h6 style=\"font-weight: 400;\"><strong>45-minute session <span style=\"color: #afb59d;\">| Cost: $120<\/span><\/strong><\/h6>\n<p>&nbsp;<\/p>\n<ul>\n<li>A report on your personalized nutritional needs, with a meal plan and the necessary tools.<\/li>\n<li>Clear nutritional objectives and strategies for achieving them.<\/li>\n<\/ul>\n<p>[\/et_pb_text][et_pb_image src=&#8221;https:\/\/erikapharand.ca\/wp-content\/uploads\/2023\/08\/woman-preparing-her-juice-recipe-scaled.jpg&#8221; title_text=&#8221;woman-preparing-her-juice-recipe&#8221; _builder_version=&#8221;4.21.2&#8243; _module_preset=&#8221;default&#8221; global_colors_info=&#8221;{}&#8221;][\/et_pb_image][et_pb_text _builder_version=&#8221;4.21.2&#8243; _module_preset=&#8221;default&#8221; background_color=&#8221;rgba(175,181,157,0.2)&#8221; custom_padding=&#8221;50px|50px|50px|50px|false|false&#8221; animation_style=&#8221;slide&#8221; animation_direction=&#8221;left&#8221; global_colors_info=&#8221;{}&#8221;]<\/p>\n<h3 style=\"font-weight: 400;\"><strong>Bioimpedance test<\/strong><\/h3>\n<h6 style=\"font-weight: 400;\"><strong>15-minutes express follow-up <span style=\"color: #afb59d;\">| Cost: $30<\/span><\/strong><\/h6>\n<p>In-person service only<\/p>\n<p>&nbsp;<\/p>\n<ul>\n<li>Curious about your body composition? The bioimpedance test analyzes your body composition by assessing your estimated basal metabolic rate, body fat, muscle mass and other elements.<\/li>\n<\/ul>\n<p>[\/et_pb_text][\/et_pb_column][\/et_pb_row][\/et_pb_section][et_pb_section fb_built=&#8221;1&#8243; _builder_version=&#8221;4.21.2&#8243; _module_preset=&#8221;default&#8221; custom_margin=&#8221;0px||0px||false|false&#8221; custom_padding=&#8221;0px||0px||false|false&#8221; da_disable_devices=&#8221;off|off|off&#8221; global_colors_info=&#8221;{}&#8221; da_is_popup=&#8221;off&#8221; da_exit_intent=&#8221;off&#8221; da_has_close=&#8221;on&#8221; da_alt_close=&#8221;off&#8221; da_dark_close=&#8221;off&#8221; da_not_modal=&#8221;on&#8221; da_is_singular=&#8221;off&#8221; da_with_loader=&#8221;off&#8221; da_has_shadow=&#8221;on&#8221;][et_pb_row column_structure=&#8221;1_2,1_2&#8243; use_custom_gutter=&#8221;on&#8221; gutter_width=&#8221;1&#8243; _builder_version=&#8221;4.21.2&#8243; _module_preset=&#8221;default&#8221; width=&#8221;100%&#8221; max_width=&#8221;2560px&#8221; global_colors_info=&#8221;{}&#8221;][et_pb_column type=&#8221;1_2&#8243; _builder_version=&#8221;4.21.2&#8243; _module_preset=&#8221;default&#8221; global_colors_info=&#8221;{}&#8221;][et_pb_text _builder_version=&#8221;4.21.2&#8243; _module_preset=&#8221;default&#8221; custom_margin=&#8221;50px|50px|50px|50px|false|false&#8221; custom_padding=&#8221;50px|50px|50px|50px|false|false&#8221; animation_style=&#8221;fade&#8221; border_width_all=&#8221;1px&#8221; global_colors_info=&#8221;{}&#8221;]<\/p>\n<h4 style=\"font-weight: 400; text-align: center;\">Official receipts<\/h4>\n<p style=\"text-align: center;\">\n<p style=\"text-align: center;\">Nutrition services are tax deductible and reimbursable by many insurance plans. I can provide you with official receipts for professional nutritionist\/dietitian services.<\/p>\n<p>[\/et_pb_text][\/et_pb_column][et_pb_column type=&#8221;1_2&#8243; _builder_version=&#8221;4.21.2&#8243; _module_preset=&#8221;default&#8221; global_colors_info=&#8221;{}&#8221;][et_pb_text _builder_version=&#8221;4.21.2&#8243; _module_preset=&#8221;default&#8221; custom_margin=&#8221;50px|50px|50px|50px|false|false&#8221; custom_padding=&#8221;50px|50px|50px|50px|false|false&#8221; animation_style=&#8221;fade&#8221; border_width_all=&#8221;1px&#8221; global_colors_info=&#8221;{}&#8221;]<\/p>\n<h4 style=\"font-weight: 400; text-align: center;\">Payment methods<\/h4>\n<p style=\"text-align: center;\">\n<p style=\"text-align: center;\">The following payment methods are accepted: cash and bank transfer.<\/p>\n<p>[\/et_pb_text][\/et_pb_column][\/et_pb_row][\/et_pb_section]<\/p>\n","protected":false},"excerpt":{"rendered":"<p>I am currently on maternity leave from December 1, 2025, to December 1, 2026, inclusive.To find a registered dietitian-nutritionist, please visit the Ordre des di\u00e9t\u00e9tistes-nutritionnistes du Qu\u00e9bec (ODNQ) website. Thank you for your understanding,Erika ServicesEP Nutrition offers clinical nutrition services for individual clients. All services are offered in French and English, by videoconference, telephone or [&hellip;]<\/p>\n","protected":false},"author":2,"featured_media":0,"parent":0,"menu_order":0,"comment_status":"closed","ping_status":"closed","template":"","meta":{"_et_pb_use_builder":"on","_et_pb_old_content":"","_et_gb_content_width":"","footnotes":""},"class_list":["post-310","page","type-page","status-publish","hentry"],"yoast_head":"<!-- This site is optimized with the Yoast SEO plugin v27.4 - https:\/\/yoast.com\/product\/yoast-seo-wordpress\/ -->\n<title>Services - Erika Pharand, Dt.P. Nutritionniste-Di\u00e9t\u00e9tiste<\/title>\n<meta name=\"robots\" content=\"index, follow, max-snippet:-1, max-image-preview:large, max-video-preview:-1\" \/>\n<link rel=\"canonical\" href=\"https:\/\/erikapharand.ca\/en\/services\/\" \/>\n<meta property=\"og:locale\" content=\"en_US\" \/>\n<meta property=\"og:type\" content=\"article\" \/>\n<meta property=\"og:title\" content=\"Services - Erika Pharand, Dt.P. Nutritionniste-Di\u00e9t\u00e9tiste\" \/>\n<meta property=\"og:description\" content=\"I am currently on maternity leave from December 1, 2025, to December 1, 2026, inclusive.To find a registered dietitian-nutritionist, please visit the Ordre des di\u00e9t\u00e9tistes-nutritionnistes du Qu\u00e9bec (ODNQ) website. Thank you for your understanding,Erika ServicesEP Nutrition offers clinical nutrition services for individual clients. All services are offered in French and English, by videoconference, telephone or [&hellip;]\" \/>\n<meta property=\"og:url\" content=\"https:\/\/erikapharand.ca\/en\/services\/\" \/>\n<meta property=\"og:site_name\" content=\"Erika Pharand, Dt.P. Nutritionniste-Di\u00e9t\u00e9tiste\" \/>\n<meta property=\"article:modified_time\" content=\"2025-11-27T16:28:57+00:00\" \/>\n<meta name=\"twitter:card\" content=\"summary_large_image\" \/>\n<meta name=\"twitter:label1\" content=\"Est. reading time\" \/>\n\t<meta name=\"twitter:data1\" content=\"6 minutes\" \/>\n<script type=\"application\/ld+json\" class=\"yoast-schema-graph\">{\"@context\":\"https:\\\/\\\/schema.org\",\"@graph\":[{\"@type\":\"WebPage\",\"@id\":\"https:\\\/\\\/erikapharand.ca\\\/en\\\/services\\\/\",\"url\":\"https:\\\/\\\/erikapharand.ca\\\/en\\\/services\\\/\",\"name\":\"Services - Erika Pharand, Dt.P. Nutritionniste-Di\u00e9t\u00e9tiste\",\"isPartOf\":{\"@id\":\"https:\\\/\\\/erikapharand.ca\\\/en\\\/#website\"},\"datePublished\":\"2023-08-13T19:03:27+00:00\",\"dateModified\":\"2025-11-27T16:28:57+00:00\",\"breadcrumb\":{\"@id\":\"https:\\\/\\\/erikapharand.ca\\\/en\\\/services\\\/#breadcrumb\"},\"inLanguage\":\"en-US\",\"potentialAction\":[{\"@type\":\"ReadAction\",\"target\":[\"https:\\\/\\\/erikapharand.ca\\\/en\\\/services\\\/\"]}]},{\"@type\":\"BreadcrumbList\",\"@id\":\"https:\\\/\\\/erikapharand.ca\\\/en\\\/services\\\/#breadcrumb\",\"itemListElement\":[{\"@type\":\"ListItem\",\"position\":1,\"name\":\"Accueil\",\"item\":\"https:\\\/\\\/erikapharand.ca\\\/en\\\/\"},{\"@type\":\"ListItem\",\"position\":2,\"name\":\"Services\"}]},{\"@type\":\"WebSite\",\"@id\":\"https:\\\/\\\/erikapharand.ca\\\/en\\\/#website\",\"url\":\"https:\\\/\\\/erikapharand.ca\\\/en\\\/\",\"name\":\"Erika Pharand, Dt.P. Nutritionniste-Di\u00e9t\u00e9tiste\",\"description\":\"Services professionnels en nutrition \",\"potentialAction\":[{\"@type\":\"SearchAction\",\"target\":{\"@type\":\"EntryPoint\",\"urlTemplate\":\"https:\\\/\\\/erikapharand.ca\\\/en\\\/?s={search_term_string}\"},\"query-input\":{\"@type\":\"PropertyValueSpecification\",\"valueRequired\":true,\"valueName\":\"search_term_string\"}}],\"inLanguage\":\"en-US\"}]}<\/script>\n<!-- \/ Yoast SEO plugin. -->","yoast_head_json":{"title":"Services - Erika Pharand, Dt.P. Nutritionniste-Di\u00e9t\u00e9tiste","robots":{"index":"index","follow":"follow","max-snippet":"max-snippet:-1","max-image-preview":"max-image-preview:large","max-video-preview":"max-video-preview:-1"},"canonical":"https:\/\/erikapharand.ca\/en\/services\/","og_locale":"en_US","og_type":"article","og_title":"Services - Erika Pharand, Dt.P. Nutritionniste-Di\u00e9t\u00e9tiste","og_description":"I am currently on maternity leave from December 1, 2025, to December 1, 2026, inclusive.To find a registered dietitian-nutritionist, please visit the Ordre des di\u00e9t\u00e9tistes-nutritionnistes du Qu\u00e9bec (ODNQ) website. Thank you for your understanding,Erika ServicesEP Nutrition offers clinical nutrition services for individual clients. All services are offered in French and English, by videoconference, telephone or [&hellip;]","og_url":"https:\/\/erikapharand.ca\/en\/services\/","og_site_name":"Erika Pharand, Dt.P. Nutritionniste-Di\u00e9t\u00e9tiste","article_modified_time":"2025-11-27T16:28:57+00:00","twitter_card":"summary_large_image","twitter_misc":{"Est. reading time":"6 minutes"},"schema":{"@context":"https:\/\/schema.org","@graph":[{"@type":"WebPage","@id":"https:\/\/erikapharand.ca\/en\/services\/","url":"https:\/\/erikapharand.ca\/en\/services\/","name":"Services - Erika Pharand, Dt.P. Nutritionniste-Di\u00e9t\u00e9tiste","isPartOf":{"@id":"https:\/\/erikapharand.ca\/en\/#website"},"datePublished":"2023-08-13T19:03:27+00:00","dateModified":"2025-11-27T16:28:57+00:00","breadcrumb":{"@id":"https:\/\/erikapharand.ca\/en\/services\/#breadcrumb"},"inLanguage":"en-US","potentialAction":[{"@type":"ReadAction","target":["https:\/\/erikapharand.ca\/en\/services\/"]}]},{"@type":"BreadcrumbList","@id":"https:\/\/erikapharand.ca\/en\/services\/#breadcrumb","itemListElement":[{"@type":"ListItem","position":1,"name":"Accueil","item":"https:\/\/erikapharand.ca\/en\/"},{"@type":"ListItem","position":2,"name":"Services"}]},{"@type":"WebSite","@id":"https:\/\/erikapharand.ca\/en\/#website","url":"https:\/\/erikapharand.ca\/en\/","name":"Erika Pharand, Dt.P. Nutritionniste-Di\u00e9t\u00e9tiste","description":"Services professionnels en nutrition ","potentialAction":[{"@type":"SearchAction","target":{"@type":"EntryPoint","urlTemplate":"https:\/\/erikapharand.ca\/en\/?s={search_term_string}"},"query-input":{"@type":"PropertyValueSpecification","valueRequired":true,"valueName":"search_term_string"}}],"inLanguage":"en-US"}]}},"jetpack_sharing_enabled":true,"_links":{"self":[{"href":"https:\/\/erikapharand.ca\/en\/wp-json\/wp\/v2\/pages\/310","targetHints":{"allow":["GET"]}}],"collection":[{"href":"https:\/\/erikapharand.ca\/en\/wp-json\/wp\/v2\/pages"}],"about":[{"href":"https:\/\/erikapharand.ca\/en\/wp-json\/wp\/v2\/types\/page"}],"author":[{"embeddable":true,"href":"https:\/\/erikapharand.ca\/en\/wp-json\/wp\/v2\/users\/2"}],"replies":[{"embeddable":true,"href":"https:\/\/erikapharand.ca\/en\/wp-json\/wp\/v2\/comments?post=310"}],"version-history":[{"count":7,"href":"https:\/\/erikapharand.ca\/en\/wp-json\/wp\/v2\/pages\/310\/revisions"}],"predecessor-version":[{"id":1493,"href":"https:\/\/erikapharand.ca\/en\/wp-json\/wp\/v2\/pages\/310\/revisions\/1493"}],"wp:attachment":[{"href":"https:\/\/erikapharand.ca\/en\/wp-json\/wp\/v2\/media?parent=310"}],"curies":[{"name":"wp","href":"https:\/\/api.w.org\/{rel}","templated":true}]}}